{"id":2122,"date":"2016-06-13T15:48:45","date_gmt":"2016-06-13T15:48:45","guid":{"rendered":"http:\/\/sw-themes.com\/porto_dummy\/?page_id=2122"},"modified":"2022-05-30T03:17:31","modified_gmt":"2022-05-30T03:17:31","slug":"quienessomos","status":"publish","type":"page","link":"https:\/\/ayudasparatodos3d.com\/index.php\/quienessomos\/","title":{"rendered":"Quienes Somos"},"content":{"rendered":"<p>[vc_row wrap_container=&#8221;yes&#8221; css=&#8221;.vc_custom_1519804692056{padding-top: 30px !important;padding-bottom: 30px !important;}&#8221;][vc_column]<div class=\"porto-u-heading  wpb_custom_5942e075cc02010a22f6bc28313eb6e4\" data-hspacer=\"no_spacer\" data-halign=\"left\" style=\"text-align:left\"><div class=\"porto-u-main-heading\"><h2   style=\"color:#21293c;\">Ayudas para TODOS 3D<\/h2><\/div><\/div>[vc_column_text]Desde Ayudas para TODOS 3D, hemos trabajado por 2 a\u00f1os para lograr reunir en nuestro sitio web, la mayor recopilaci\u00f3n a nivel mundial de ayudas y productos de apoyo impresos en 3D, para ayudar a personas con discapacidad, adultos mayores y tambi\u00e9n a cualquier persona que se le dificulte o le sea imposible realizar una tarea de forma tradicional. Contamos con m\u00e1s de 2.000 dise\u00f1os, organizados en 19 categor\u00edas, una gran variedad de ayudas desde dispositivos b\u00e1sicas, hasta ayudas m\u00e1s especializada seg\u00fan la necesidad de cada persona o instituci\u00f3n, para facilitar los procesos de inclusi\u00f3n y participar con independencia de todo tipo de actividades, contando con las herramientas y apoyos adecuados.<\/p>\n<p>Puede ver <a href=\"https:\/\/youtu.be\/HTvDgQfMYHw\">este video<\/a> para una explicaci\u00f3n mas detallada<\/p>\n<p><iframe loading=\"lazy\" title=\"Ayudas para TODOS 3D Recopilaci\u00f3n con m\u00e1s de 2.000 Ayudas impresas 3D para personas con discapacidad\" width=\"1140\" height=\"641\" src=\"https:\/\/www.youtube.com\/embed\/HTvDgQfMYHw?feature=oembed\" frameborder=\"0\" allow=\"accelerometer; autoplay; clipboard-write; encrypted-media; gyroscope; picture-in-picture\" allowfullscreen><\/iframe><\/p>\n<p>Desde Ayudas para TODOS 3D puedes:<\/p>\n<p>&#8211; Descargar: Descargar dise\u00f1os de miles de ayudas especializadas, e imprimirlos si tienes acceso a una impresora 3D. Puedes descargar los modelos totalmente de forma gratuita desde la secci\u00f3n de \u201cDescarga\u201d de cada dise\u00f1o.<\/p>\n<p>&#8211; Comprar: Puedes comprar la ayuda que desees, ya sea que no tengan acceso a una impresora 3D o que simplemente quieran la tranquilidad de recibir la ayuda ya impresa de forma correcta y personalizada seg\u00fan su necesidad, pueden usar la opci\u00f3n de \u201cCompra\u201d de los dispositivos. Esto se puede hacer comprando directamente en la p\u00e1gina del art\u00edculo que les interesa, o contact\u00e1ndonos para cotizar si desea comprar un paquete con diferentes ayudas. Un valor agregado al usted comprar, es que cuenta con asesor\u00eda de un equipo experto en productos de apoyo, que le aconsejara cual o cuales le sirven seg\u00fan sus necesidades espec\u00edficas, y tambi\u00e9n podemos realizarle ajustes o adaptaciones de forma personalizada para casos espec\u00edficos. Para la compra pueden pagar personalmente en efectivo en nuestra oficina en Medell\u00edn, o pagar por transferencia Bancolombia\/Nequi \/ PayPal o tarjeta de cr\u00e9dito; y le hacemos \u00e9l envi\u00f3 por transportadora a cualquier ciudad de Colombia o a otros pa\u00edses. Les aseguramos que el precio ser\u00e1 mucho mejor que el que pagar\u00edas por costosas soluciones que deben ser importadas, y con tu compra apoyaras nuestro programa de inclusi\u00f3n laboral y la sostenibilidad de la Fundaci\u00f3n todos Podemos Ayudar.<\/p>\n<p>&#8211; Solicitar una donaci\u00f3n: Entendemos que es posible que no tengas acceso a una impresora 3D, y tampoco los recursos para comprar la ayuda impresa en 3D que necesitas. En ese caso tienes la opci\u00f3n de solicitar una donaci\u00f3n gratuita de uno o varios elementos a nivel personal o para una instituci\u00f3n. Debes diligenciar el formulario que vas a encontrar en la secci\u00f3n de &#8220;Solicitar una Donaci\u00f3n&#8221; que encontraras en el sitio web http:\/\/www.ayudasparatodos3d.com *Recuerda ser honesto y solo aplicar si realmente no cuentas con los recursos para adquirir la ayuda, si puedes pagarla, mejor la compras, apoyas nuestro proyecto y as\u00ed tambi\u00e9n ayudamos otros m\u00e1s que si lo necesiten.<\/p>\n<p>-Realizar una donaci\u00f3n: T\u00fa tambi\u00e9n puedes apoyar este gran proyecto. Son muchas las personas y las instituciones que nos solicitan que les entreguemos ayudas en donaci\u00f3n, ya que no cuentan con impresora 3D o con los recursos para comprarnos las ayudas ya impresas. Nosotros como emprendimiento social, tenemos calculado mensualmente destinar un porcentaje de las ganancias de las ventas para ir entregando algunas donaciones, pero son muchas m\u00e1s las solicitudes de donaci\u00f3n, que lo que podemos cubrir por nosotros mismos. Por ese motivo y con la gran meta de cumplir con todas las solicitudes de donaci\u00f3n, es que hacemos un llamado a todas las personas y empresas que puedan unirse a esta iniciativa con un aporte de cualquier valor por Nequi, transferencia Bancolombia, o PayPal. tambi\u00e9n aplicar al plan padrino donde pueden tomar una solicitud de donaci\u00f3n de una persona o de una entidad que necesite varias ayudas y donarlas. Podemos entregar certificados de donaci\u00f3n las empresas que lo deseen. Tambi\u00e9n hacemos un llamado a las empresas, instituciones y particulares que tengan impresoras 3D, que se unan a esta iniciativa apoyando con la impresi\u00f3n de algunas de las ayudas que tengamos pendientes por entregar como donaci\u00f3n.<\/p>\n<p>Entonces ya saben, son m\u00faltiples las opciones, ingresen en http:\/\/www.ayudasparatodos3d.com para conocer el cat\u00e1logo completo de los dise\u00f1os, y sacar provecho a sea para ti, ayudar a alguien o apoyarnos para que podamos ayudar m\u00e1s.[\/vc_column_text]<div class=\"porto-u-heading  wpb_custom_5942e075cc02010a22f6bc28313eb6e4\" data-hspacer=\"no_spacer\" data-halign=\"left\" style=\"text-align:left\"><div class=\"porto-u-main-heading\"><h1   style=\"color:#21293c;\">Historia del proyecto - Aliados<\/h1><\/div><\/div>[vc_column_text]La tecnolog\u00eda, la innovaci\u00f3n y el liderazgo social local presentan soluciones complementarias a los grandes desaf\u00edos globales de nuestro tiempo. En el posconflicto que enfrenta Colombia hoy, estas herramientas son claves para potenciar el desarrollo econ\u00f3mico, la dignidad humana y la paz sostenible.<\/p>\n<p>Aprovechando la experiencia de l\u00edderes y socios locales, fue lanzadoun proyecto de investigaci\u00f3n para promover soluciones sociales, t\u00e9cnicas y cient\u00edficas para la fabricaci\u00f3n de dispositivos de asistencia a trav\u00e9s de procesos de impresi\u00f3n 3D sostenibles para personas con discapacidad en Colombia.<\/p>\n<p>El proyecto es parte de un compromiso estrat\u00e9gico entre el Instituto Omnis, UNIANDES, EPFL-LPAC, EPFL-CODEV Seed Money Program y el l\u00edder social local en Colombia, Felipe Betancur. Felipe, participante del\u00a0 programa L\u00edderes Locales en Acci\u00f3n de Omnis, es inventor, defensor de los derechos de las personas con discapacidad y cofundador de Todos Podemos Ayudar, una organizaci\u00f3n comprometida con mejorar el acceso, la inclusi\u00f3n y la calidad de vida de las personas con discapacidad en toda Colombia.<\/p>\n<p>Trabajando con cient\u00edficos, ingenieros y l\u00edderes locales, el proyecto desarrolla un proceso innovador y personalizado que involucra el reciclaje de desechos pl\u00e1sticos para fabricar productos de apoyo de bajo costo utilizando impresi\u00f3n 3D,\u00a0 e implementaci\u00f3n local para ayudar a\u00a0 personas con discapacidad, adultos mayores ya cualqueira que peuda necesitar ayudas para realizar una tarea o utilizar un dispositivo,.<\/p>\n<p><img loading=\"lazy\" class=\"alignnone wp-image-5047 size-large\" src=\"http:\/\/ayudasparatodos3d.com\/wp-content\/uploads\/2022\/05\/test_n-1024x254.png\" alt=\"grafico cifras discapacidad en colombia omnis ayduas para todos epfll aunidersidad andes todos podemos ayudar\" width=\"1024\" height=\"254\" srcset=\"https:\/\/ayudasparatodos3d.com\/wp-content\/uploads\/2022\/05\/test_n-1024x254.png 1024w, https:\/\/ayudasparatodos3d.com\/wp-content\/uploads\/2022\/05\/test_n-768x191.png 768w, https:\/\/ayudasparatodos3d.com\/wp-content\/uploads\/2022\/05\/test_n-640x159.png 640w, https:\/\/ayudasparatodos3d.com\/wp-content\/uploads\/2022\/05\/test_n-400x99.png 400w, https:\/\/ayudasparatodos3d.com\/wp-content\/uploads\/2022\/05\/test_n-600x149.png 600w\" sizes=\"(max-width: 1024px) 100vw, 1024px\" \/><\/p>\n<p>EL OBJETIVO CON ESTE PROYECTO ES\u00a0 TRABAJAR EN EQUIPO, PARA IMPLEMENTAR EL PROGRAMA INICIALMENTE EN COLOMBIA, UILIZANDO COMO INSUMO PARA LAS AYUDAS, UN FILAMENTE ECOLOGICO PRODUCIDO CON PLASTICO RECICLADO, CON UN CATALOGO DE M\u00c1S DE 2.000 DISE\u00d1OS DE AYUDAS ESPECIALIZADAS PARA IMPRIMIR EN 3D, Y CON UN MODELO DE NEGOCIO DISRUPTIVO Y DE ALTO IMPACTO SOCIAL,\u00a0 BRINDANDO A LAS PERSONAS\u00a0 QUE LO NECESITEN, LAS HERRAMIENTAS PARA MEJORAR SU CALIDAD DE VIDA Y AS\u00cd FACILITAR PROCESOS DE INCLUSI\u00d3N EN LA SOCIEDAD.<\/p>\n<p>Trabajando en estrecha colaboraci\u00f3n desde el area t\u00e9cnica y el area social, podremos beneficiar a las comunidades de Colombia, donde una gran proporci\u00f3n de la poblaci\u00f3n vive con discapacidades a causa de la guerra. Al crear herramientas de bajo costo para mejorar el acceso de las personas con discapacidad, podemos ayudar a mejorar su calidad de vida.<\/p>\n<p>A trav\u00e9s de esta iniciativa, Omnis, UNIANDES, EPFL, la Fundaci\u00f3n Todos Podemos Ayudar, y la participaci\u00f3n de la gente, Generaremos un impacto significativo en t\u00e9rminos de acceso a la tecnolog\u00eda, desarrollo sostenible e inclusi\u00f3n de la comunidad local.<\/p>\n<p><img loading=\"lazy\" class=\"alignnone size-full wp-image-5050\" src=\"http:\/\/ayudasparatodos3d.com\/wp-content\/uploads\/2022\/05\/nicho2.png\" alt=\"\" width=\"992\" height=\"386\" srcset=\"https:\/\/ayudasparatodos3d.com\/wp-content\/uploads\/2022\/05\/nicho2.png 992w, https:\/\/ayudasparatodos3d.com\/wp-content\/uploads\/2022\/05\/nicho2-768x299.png 768w, https:\/\/ayudasparatodos3d.com\/wp-content\/uploads\/2022\/05\/nicho2-640x249.png 640w, https:\/\/ayudasparatodos3d.com\/wp-content\/uploads\/2022\/05\/nicho2-400x156.png 400w, https:\/\/ayudasparatodos3d.com\/wp-content\/uploads\/2022\/05\/nicho2-600x233.png 600w\" sizes=\"(max-width: 992px) 100vw, 992px\" \/><\/p>\n<p><strong>Este proyecto se logro hacer realidad, gracias al apoyo y trabajo en conjunto de:<\/strong><\/p>\n<figure id=\"attachment_4918\" aria-describedby=\"caption-attachment-4918\" style=\"width: 300px\" class=\"wp-caption alignnone\"><img loading=\"lazy\" class=\"size-medium wp-image-4918\" src=\"http:\/\/ayudasparatodos3d.com\/wp-content\/uploads\/2022\/05\/EPFL_TECH4DEV_logo-300x206.png\" alt=\"epfl logo tech4dev\" width=\"300\" height=\"206\" \/><figcaption id=\"caption-attachment-4918\" class=\"wp-caption-text\">EPFL TECH4DEV<\/figcaption><\/figure>\n<figure id=\"attachment_4920\" aria-describedby=\"caption-attachment-4920\" style=\"width: 300px\" class=\"wp-caption alignnone\"><img loading=\"lazy\" class=\"size-medium wp-image-4920\" src=\"http:\/\/ayudasparatodos3d.com\/wp-content\/uploads\/2022\/05\/LOGO-andes-300x124.png\" alt=\"logo universidad de los andes\" width=\"300\" height=\"124\" \/><figcaption id=\"caption-attachment-4920\" class=\"wp-caption-text\">Universidad de los Andes Colombia<\/figcaption><\/figure>\n<figure id=\"attachment_4921\" aria-describedby=\"caption-attachment-4921\" style=\"width: 273px\" class=\"wp-caption alignnone\"><img loading=\"lazy\" class=\"size-full wp-image-4921\" src=\"http:\/\/ayudasparatodos3d.com\/wp-content\/uploads\/2022\/05\/logo_lpac.png\" alt=\"logo_lpac\" width=\"273\" height=\"140\" \/><figcaption id=\"caption-attachment-4921\" class=\"wp-caption-text\">LPAC<\/figcaption><\/figure>\n<figure id=\"attachment_4922\" aria-describedby=\"caption-attachment-4922\" style=\"width: 300px\" class=\"wp-caption alignnone\"><img loading=\"lazy\" class=\"size-medium wp-image-4922\" src=\"http:\/\/ayudasparatodos3d.com\/wp-content\/uploads\/2022\/05\/logo_omnis-300x104.png\" alt=\"logo_omnis\" width=\"300\" height=\"104\" \/><figcaption id=\"caption-attachment-4922\" class=\"wp-caption-text\">Omnis Institute<\/figcaption><\/figure>\n<figure id=\"attachment_5\" aria-describedby=\"caption-attachment-5\" style=\"width: 300px\" class=\"wp-caption alignnone\"><img loading=\"lazy\" class=\"size-medium wp-image-5\" src=\"http:\/\/ayudasparatodos3d.com\/wp-content\/uploads\/2022\/05\/Logotipo-Ayudas-para-todos-recortado-300x252.png\" alt=\"Logo ayudas para todos\" width=\"300\" height=\"252\" \/><figcaption id=\"caption-attachment-5\" class=\"wp-caption-text\">Ayudas para todos &#8211; Fundaci\u00f3n Todos Podemos Ayudar<\/figcaption><\/figure>\n<p>[\/vc_column_text][\/vc_column][\/vc_row][vc_row wrap_container=&#8221;yes&#8221; css=&#8221;.vc_custom_1519805538811{padding-top: 50px !important;padding-bottom: 40px !important;background-color: #f4f4f4 !important;}&#8221;][vc_column]<div class=\"porto-u-heading  wpb_custom_95aa9a11c17ad45cfabaf210d84ee7cc\" data-hspacer=\"no_spacer\" data-halign=\"left\" style=\"text-align:left\"><div class=\"porto-u-main-heading\"><h2   style=\"font-weight:700;color:#21293c;font-size:19px;\">WHY CHOOSE US<\/h2><\/div><\/div>[vc_row_inner][vc_column_inner width=&#8221;1\/3&#8243;]<div class=\"porto-sicon-box  wpb_custom_1efe903570d178ff0a9b7bfa5febd3a4 style_1 top-icon\"><div class=\"porto-sicon-top\"><div class=\"porto-just-icon-wrapper porto-icon none\" style=\"color:#0088cc;font-size:55px;\"><i class=\"porto-icon-shipped\"><\/i><\/div><\/div><div class=\"porto-sicon-header\"><h3 class=\"porto-sicon-title\" style=\"font-weight:600;font-size:18px;line-height:20px;color:#21293c;\">Free Shipping<\/h3><\/div> <!-- header --><div class=\"porto-sicon-description\" style=\"font-size:15px;line-height:27px;\">Lorem Ipsum is simply dummy text of the printing and typesetting industry. Lorem Ipsum has been the industr.<\/div> <!-- description --><\/div><!-- porto-sicon-box -->[\/vc_column_inner][vc_column_inner width=&#8221;1\/3&#8243;]<div class=\"porto-sicon-box  wpb_custom_1efe903570d178ff0a9b7bfa5febd3a4 style_1 top-icon\"><div class=\"porto-sicon-top\"><div class=\"porto-just-icon-wrapper porto-icon none\" style=\"color:#0088cc;font-size:55px;\"><i class=\"porto-icon-us-dollar\"><\/i><\/div><\/div><div class=\"porto-sicon-header\"><h3 class=\"porto-sicon-title\" style=\"font-weight:600;font-size:18px;line-height:20px;color:#21293c;\">100% money back guarantee.<\/h3><\/div> <!-- header --><div class=\"porto-sicon-description\" style=\"font-size:15px;line-height:27px;\">Lorem Ipsum is simply dummy text of the printing and typesetting industry. Lorem Ipsum has been the industr.<\/div> <!-- description --><\/div><!-- porto-sicon-box -->[\/vc_column_inner][vc_column_inner width=&#8221;1\/3&#8243;]<div class=\"porto-sicon-box  wpb_custom_1efe903570d178ff0a9b7bfa5febd3a4 style_1 top-icon\"><div class=\"porto-sicon-top\"><div class=\"porto-just-icon-wrapper porto-icon none\" style=\"color:#0088cc;font-size:55px;\"><i class=\"porto-icon-online-support\"><\/i><\/div><\/div><div class=\"porto-sicon-header\"><h3 class=\"porto-sicon-title\" style=\"font-weight:600;font-size:18px;line-height:20px;color:#21293c;\">Online Support 24\/7<\/h3><\/div> <!-- header --><div class=\"porto-sicon-description\" style=\"font-size:15px;line-height:27px;\">Lorem Ipsum is simply dummy text of the printing and typesetting industry. Lorem Ipsum has been the industr.<\/div> <!-- description --><\/div><!-- porto-sicon-box -->[\/vc_column_inner][\/vc_row_inner][\/vc_column][\/vc_row][vc_row wrap_container=&#8221;yes&#8221; css=&#8221;.vc_custom_1519806887930{padding-top: 50px !important;padding-bottom: 10px !important;}&#8221;][vc_column]<div class=\"porto-u-heading  wpb_custom_95aa9a11c17ad45cfabaf210d84ee7cc\" data-hspacer=\"no_spacer\" data-halign=\"center\" style=\"text-align:center\"><div class=\"porto-u-main-heading\"><h2   style=\"font-weight:700;color:#21293c;margin-bottom: 40px;font-size:19px;\">HAPPY CLIENTS<\/h2><\/div><\/div>[vc_row_inner][vc_column_inner width=&#8221;1\/2&#8243;]<div class=\"porto-testimonial wpb_content_element \"><div class=\"testimonial\"><div class=\"testimonial-author\"><div class=\"testimonial-author-thumbnail\"><img src=\"https:\/\/ayudasparatodos3d.com\/wp-content\/uploads\/2018\/03\/shop2_about_us_person1.jpg\" alt=\"John Smith\" class=\"img-circle\" width=\"100\" height=\"100\"><\/div><p><a href=\"#\"><strong style=\"color:#2b2b2d\">John Smith<\/strong><\/a><span style=\"color:#62615e\">SMARTWAVE CEO<\/span><\/p><\/div><div class=\"testimonial-arrow-down reversed\"><\/div><blockquote style=\"color:#62615e\"><p>Lorem ipsum dolor sit amet, consectetur elitad adipiscing Cras non placerat mipsum dolor sit amet, consectetur elitad adipiscing cas non placerat mi.<\/p><\/blockquote><\/div><\/div>[\/vc_column_inner][vc_column_inner width=&#8221;1\/2&#8243;]<div class=\"porto-testimonial wpb_content_element \"><div class=\"testimonial\"><div class=\"testimonial-author\"><div class=\"testimonial-author-thumbnail\"><img src=\"https:\/\/ayudasparatodos3d.com\/wp-content\/uploads\/2018\/03\/shop2_about_us_person2.jpg\" alt=\"Bob Smith\" class=\"img-circle\" width=\"100\" height=\"100\"><\/div><p><a href=\"#\"><strong style=\"color:#2b2b2d\">Bob Smith<\/strong><\/a><span style=\"color:#62615e\">SMARTWAVE CEO<\/span><\/p><\/div><div class=\"testimonial-arrow-down reversed\"><\/div><blockquote style=\"color:#62615e\"><p>Lorem ipsum dolor sit amet, consectetur elitad adipiscing Cras non placerat mipsum dolor sit amet, consectetur elitad adipiscing cas non placerat mi.<\/p><\/blockquote><\/div><\/div>[\/vc_column_inner][\/vc_row_inner][\/vc_column][\/vc_row][vc_row wrap_container=&#8221;yes&#8221; css=&#8221;.vc_custom_1519807308900{padding-top: 50px !important;padding-bottom: 15px !important;background-color: #f4f4f4 !important;}&#8221;][vc_column width=&#8221;1\/5&#8243;]<div class=\"stats-block stats-left  inline-block  wpb_custom_a517333ace5b1666c6af8bd4684f1de9  vc_custom_1519807514372\"><div class=\"stats-desc\"><div id=\"counter_5426030569ddd0ed6e419\" data-id=\"counter_5426030569ddd0ed6e419\" class=\"stats-number\" style=\" font-weight:800;font-size:32px;line-height:32px;color:#0087cb;\" data-speed=\"3\" data-counter-value=\"200\" data-separator=\",\" data-decimal=\".\">0<\/div><div class=\"counter_suffix mycust\" style=\" font-weight:800;font-size:32px;line-height:32px;color:#0087cb\">+<\/div><div class=\"stats-text\" style=\"font-weight:600;font-size:14px;line-height:25px;color:#7b858a;\">MILLION CUSTOMERS<\/div><\/div><\/div>[\/vc_column][vc_column width=&#8221;1\/5&#8243;]<div class=\"stats-block stats-left  inline-block  wpb_custom_a517333ace5b1666c6af8bd4684f1de9  vc_custom_1519807543420\"><div class=\"stats-desc\"><div id=\"counter_4142871969ddd0ed6e594\" data-id=\"counter_4142871969ddd0ed6e594\" class=\"stats-number\" style=\" font-weight:800;font-size:32px;line-height:32px;color:#0087cb;\" data-speed=\"3\" data-counter-value=\"1800\" data-separator=\"none\" data-decimal=\".\">0<\/div><div class=\"counter_suffix mycust\" style=\" font-weight:800;font-size:32px;line-height:32px;color:#0087cb\">+<\/div><div class=\"stats-text\" style=\"font-weight:600;font-size:14px;line-height:25px;color:#7b858a;\">TEAM MEMBERS<\/div><\/div><\/div>[\/vc_column][vc_column width=&#8221;1\/5&#8243;]<div class=\"stats-block stats-left  inline-block  wpb_custom_a517333ace5b1666c6af8bd4684f1de9  vc_custom_1519807623411\"><div class=\"stats-desc\"><div id=\"counter_9708039269ddd0ed6e6a5\" data-id=\"counter_9708039269ddd0ed6e6a5\" class=\"stats-number\" style=\" font-weight:800;font-size:32px;line-height:32px;color:#0087cb;\" data-speed=\"3\" data-counter-value=\"24\" data-separator=\"none\" data-decimal=\".\">0<\/div><div class=\"counter_suffix mycust\" style=\" font-weight:800;font-size:19px;line-height:32px;color:#0087cb\">HR<\/div><div class=\"stats-text\" style=\"font-weight:600;font-size:14px;line-height:25px;color:#7b858a;\">SUPPORT AVAILABLE<\/div><\/div><\/div>[\/vc_column][vc_column width=&#8221;1\/5&#8243;]<div class=\"stats-block stats-left  inline-block  wpb_custom_a517333ace5b1666c6af8bd4684f1de9  vc_custom_1519807642849\"><div class=\"stats-desc\"><div id=\"counter_46779070469ddd0ed6e79c\" data-id=\"counter_46779070469ddd0ed6e79c\" class=\"stats-number\" style=\" font-weight:800;font-size:32px;line-height:32px;color:#0087cb;\" data-speed=\"3\" data-counter-value=\"265\" data-separator=\"none\" data-decimal=\".\">0<\/div><div class=\"counter_suffix mycust\" style=\" font-weight:800;font-size:32px;line-height:32px;color:#0087cb\">+<\/div><div class=\"stats-text\" style=\"font-weight:600;font-size:14px;line-height:25px;color:#7b858a;\">CUP OF COFFEE<\/div><\/div><\/div>[\/vc_column][vc_column width=&#8221;1\/5&#8243;]<div class=\"stats-block stats-left  inline-block  wpb_custom_a517333ace5b1666c6af8bd4684f1de9  vc_custom_1519807717069\"><div class=\"stats-desc\"><div id=\"counter_163678551169ddd0ed6e88b\" data-id=\"counter_163678551169ddd0ed6e88b\" class=\"stats-number\" style=\" font-weight:800;font-size:32px;line-height:32px;color:#0087cb;\" data-speed=\"3\" data-counter-value=\"99\" data-separator=\"none\" data-decimal=\".\">0<\/div><div class=\"counter_suffix mycust\" style=\" font-weight:800;font-size:19px;line-height:32px;color:#0087cb\">%<\/div><div class=\"stats-text\" style=\"font-weight:600;font-size:14px;line-height:25px;color:#7b858a;\">POSITIVE REVIEWS<\/div><\/div><\/div>[\/vc_column][\/vc_row]<\/p>\n","protected":false},"excerpt":{"rendered":"<p>[vc_row wrap_container=&#8221;yes&#8221; css=&#8221;.vc_custom_1519804692056{padding-top: 30px !important;padding-bottom: 30px !important;}&#8221;][vc_column][vc_column_text]Desde Ayudas para TODOS 3D, hemos trabajado por 2 a\u00f1os para lograr reunir en nuestro sitio web, la mayor recopilaci\u00f3n a nivel mundial de ayudas y productos de apoyo impresos en 3D, para ayudar a personas con discapacidad, adultos mayores y tambi\u00e9n a cualquier persona que se le dificulte [&hellip;]<\/p>\n","protected":false},"author":1,"featured_media":0,"parent":0,"menu_order":0,"comment_status":"closed","ping_status":"closed","template":"","meta":{"om_disable_all_campaigns":false,"_monsterinsights_skip_tracking":false,"_monsterinsights_sitenote_active":false,"_monsterinsights_sitenote_note":"","_monsterinsights_sitenote_category":0},"_links":{"self":[{"href":"https:\/\/ayudasparatodos3d.com\/index.php\/wp-json\/wp\/v2\/pages\/2122"}],"collection":[{"href":"https:\/\/ayudasparatodos3d.com\/index.php\/wp-json\/wp\/v2\/pages"}],"about":[{"href":"https:\/\/ayudasparatodos3d.com\/index.php\/wp-json\/wp\/v2\/types\/page"}],"author":[{"embeddable":true,"href":"https:\/\/ayudasparatodos3d.com\/index.php\/wp-json\/wp\/v2\/users\/1"}],"replies":[{"embeddable":true,"href":"https:\/\/ayudasparatodos3d.com\/index.php\/wp-json\/wp\/v2\/comments?post=2122"}],"version-history":[{"count":13,"href":"https:\/\/ayudasparatodos3d.com\/index.php\/wp-json\/wp\/v2\/pages\/2122\/revisions"}],"predecessor-version":[{"id":4941,"href":"https:\/\/ayudasparatodos3d.com\/index.php\/wp-json\/wp\/v2\/pages\/2122\/revisions\/4941"}],"wp:attachment":[{"href":"https:\/\/ayudasparatodos3d.com\/index.php\/wp-json\/wp\/v2\/media?parent=2122"}],"curies":[{"name":"wp","href":"https:\/\/api.w.org\/{rel}","templated":true}]}}