{"id":3167,"date":"2022-05-23T06:09:47","date_gmt":"2022-05-23T06:09:47","guid":{"rendered":"https:\/\/ayudasparatodos3d.com\/?page_id=3167"},"modified":"2022-05-28T14:52:36","modified_gmt":"2022-05-28T14:52:36","slug":"comprar","status":"publish","type":"page","link":"https:\/\/ayudasparatodos3d.com\/index.php\/comprar\/","title":{"rendered":"Comprar"},"content":{"rendered":"<p>Para comprar ayudas ya impresas, debes agregar al carrito de compras los productos que deseas desde la pagina de cada dise\u00f1o.<\/p>\n<p style=\"text-align: center;\"><a class=\"fasc-button fasc-size-medium fasc-type-popout fasc-rounded-medium fasc-ico-before dashicons-category\" style=\"background-color: #33809e; color: #ffffff;\" href=\"https:\/\/ayudasparatodos3d.com\/index.php\/catalogo\/\">Catalogo Ayudas 3D<\/a>&nbsp; &nbsp; <a class=\"fasc-button fasc-size-medium fasc-type-popout fasc-rounded-medium fasc-ico-before dashicons-cart\" style=\"background-color: #33809e; color: #ffffff;\" href=\"https:\/\/ayudasparatodos3d.com\/index.php\/contactenos\/\">Cotizar \/ Preguntas&nbsp;<\/a><\/p>\n<p>Tambi\u00e9n pueden contactarnos para solicitar una cotizaci\u00f3n con asesoria&nbsp; personalizada, donde le recomendaremos cuales ayudas pueden ser las mas indicadas segun sus necesidades.&nbsp;<\/p>\n<p>Puede ver <a href=\"https:\/\/youtu.be\/1a4kMwHhx_Y\">este video<\/a> para una explicaci\u00f3n mas detallada<\/p>\n<p><iframe loading=\"lazy\" title=\"Como comprar ayudas t\u00e9cnicas y productos de apoyo impresos en 3D para personas con discapacidad\" width=\"1140\" height=\"641\" src=\"https:\/\/www.youtube.com\/embed\/1a4kMwHhx_Y?feature=oembed\" frameborder=\"0\" allow=\"accelerometer; autoplay; clipboard-write; encrypted-media; gyroscope; picture-in-picture\" allowfullscreen><\/iframe><\/p>\n<p>Para comprar ayudas t\u00e9cnicas y productos de apoyo impresos en 3D para personas con discapacidad, les recomendamos primero que todo revisar el cat\u00e1logo con calma, para seleccionar cuales ayudas son de su inter\u00e9s.&nbsp;<\/p>\n<p>Para todos los que no tengan acceso a una impresora 3D o que simplemente quieran la tranquilidad de recibir la ayuda ya impresa de forma correcta y personalizada seg\u00fan su necesidad, pueden usar la opci\u00f3n de \u201cCompra\u201d de los dispositivos, esto se puede hacer comprando directamente en la p\u00e1gina del art\u00edculo que les interesa, o contact\u00e1ndonos para cotizar si desea comprar un paquete con diferentes ayudas. Un valor agregado al usted comprar, es que cuenta con asesor\u00eda de un equipo experto en productos de apoyo, que le aconsejara cual o cuales le sirven seg\u00fan sus necesidades espec\u00edficas, y tambi\u00e9n podemos realizarle ajustes o adaptaciones de forma personalizada para casos espec\u00edficos. Para la compra pueden pagar personalmente en efectivo en nuestra oficina en Medell\u00edn, o pagar por transferencia Bancolombia\/Nequi \/ PayPal o tarjeta de cr\u00e9dito; y le hacemos \u00e9l envi\u00f3 por transportadora a cualquier ciudad de Colombia o a otros pa\u00edses. Te aseguro que el precio ser amucho mejor que el de costosas soluciones que deben ser importadas, y con tu compra apoyaras nuestro programa de inclusi\u00f3n laboral y la sostenibilidad de la Fundaci\u00f3n todos Podemos Ayudar.<\/p>\n<p>Recuerda que, si tienes acceso a una impresora 3D, puedes descargar los modelos de forma totalmente gratuita desde la secci\u00f3n de \u201cDescarga\u201d de cada dise\u00f1o, o si no tienes acceso a impresora y se te dificulta pagarlo, tambi\u00e9n puedes acceder puedes \u201csolicitar una donaci\u00f3n\u201d, o si lo que deseas es apoyar el proyecto para que ayudemos a otros, puedes \u201cHacer una donaci\u00f3n\u201d.<\/p>\n<p>Puedes ver el cat\u00e1logo completo de ayudas disponibles, visitando la p\u00e1gina <a href=\"http:\/\/www.ayudasparatodos3d.com\">http:\/\/www.ayudasparatodos3d.com<\/a><\/p>\n","protected":false},"excerpt":{"rendered":"<p>Para comprar ayudas ya impresas, debes agregar al carrito de compras los productos que deseas desde la pagina de cada dise\u00f1o. Catalogo Ayudas 3D&nbsp; &nbsp; Cotizar \/ Preguntas&nbsp; Tambi\u00e9n pueden contactarnos para solicitar una cotizaci\u00f3n con asesoria&nbsp; personalizada, donde le recomendaremos cuales ayudas pueden ser las mas indicadas segun sus necesidades.&nbsp; Puede ver este video [&hellip;]<\/p>\n","protected":false},"author":1,"featured_media":0,"parent":0,"menu_order":0,"comment_status":"closed","ping_status":"closed","template":"","meta":{"om_disable_all_campaigns":false,"_monsterinsights_skip_tracking":false,"_monsterinsights_sitenote_active":false,"_monsterinsights_sitenote_note":"","_monsterinsights_sitenote_category":0},"_links":{"self":[{"href":"https:\/\/ayudasparatodos3d.com\/index.php\/wp-json\/wp\/v2\/pages\/3167"}],"collection":[{"href":"https:\/\/ayudasparatodos3d.com\/index.php\/wp-json\/wp\/v2\/pages"}],"about":[{"href":"https:\/\/ayudasparatodos3d.com\/index.php\/wp-json\/wp\/v2\/types\/page"}],"author":[{"embeddable":true,"href":"https:\/\/ayudasparatodos3d.com\/index.php\/wp-json\/wp\/v2\/users\/1"}],"replies":[{"embeddable":true,"href":"https:\/\/ayudasparatodos3d.com\/index.php\/wp-json\/wp\/v2\/comments?post=3167"}],"version-history":[{"count":2,"href":"https:\/\/ayudasparatodos3d.com\/index.php\/wp-json\/wp\/v2\/pages\/3167\/revisions"}],"predecessor-version":[{"id":4936,"href":"https:\/\/ayudasparatodos3d.com\/index.php\/wp-json\/wp\/v2\/pages\/3167\/revisions\/4936"}],"wp:attachment":[{"href":"https:\/\/ayudasparatodos3d.com\/index.php\/wp-json\/wp\/v2\/media?parent=3167"}],"curies":[{"name":"wp","href":"https:\/\/api.w.org\/{rel}","templated":true}]}}