{"id":3168,"date":"2022-05-23T06:10:30","date_gmt":"2022-05-23T06:10:30","guid":{"rendered":"https:\/\/ayudasparatodos3d.com\/?page_id=3168"},"modified":"2022-05-28T15:00:30","modified_gmt":"2022-05-28T15:00:30","slug":"solicitardonacion","status":"publish","type":"page","link":"https:\/\/ayudasparatodos3d.com\/index.php\/solicitardonacion\/","title":{"rendered":"Solicitar en donaci\u00f3n"},"content":{"rendered":"<p>Para solicitar una donaci\u00f3n de productos de apoyo para personas con discapacidad del cat\u00e1logo de la p\u00e1gina Ayudas para TODOS 3D, debes enviar tu solicitud, presionando el bot\u00f3n para diligenciar el formulario:&nbsp;&nbsp;<a class=\"fasc-button fasc-size-medium fasc-type-popout fasc-rounded-medium fasc-ico-before dashicons-star-filled\" style=\"background-color: #33809e; color: #ffffff;\" target=\"_blank\" rel=\"noopener\" href=\"https:\/\/docs.google.com\/forms\/d\/1e9HsYFIXyvouLtDPU0JhWLRhZtpFsoipQU6kGcCvabQ\/edit?usp=sharing\">Solicitar una donaci\u00f3n<\/a><\/p>\n<p>Puede ver <a href=\"https:\/\/youtu.be\/6qyJRn0mrDY\">este video<\/a> para una explicaci\u00f3n mas detallada<\/p>\n<p><iframe loading=\"lazy\" title=\"Como solicitar una donaci\u00f3n de ayudas para personas con discapacidad en p\u00e1gina Ayudas para TODOS 3D\" width=\"1140\" height=\"641\" src=\"https:\/\/www.youtube.com\/embed\/6qyJRn0mrDY?feature=oembed\" frameborder=\"0\" allow=\"accelerometer; autoplay; clipboard-write; encrypted-media; gyroscope; picture-in-picture\" allowfullscreen><\/iframe><\/p>\n<p>Entendemos que es posible que no tengas acceso a una impresora 3D, y tampoco los recursos para comprar la ayuda impresa en 3D que necesitas. En ese caso tienes la opci\u00f3n de solicitar una donaci\u00f3n gratuita de uno o varios elementos a nivel personal o para una instituci\u00f3n. Debes diligenciar el formulario que vas a encontrar en la secci\u00f3n de &#8220;Solicitar una Donaci\u00f3n&#8221; que encontraras en el sitio web <a href=\"http:\/\/www.ayudasparatodos3d.com\">http:\/\/www.ayudasparatodos3d.com<\/a> *Recuerda ser honesto y solo aplicar si realmente no cuentas con los recursos para adquirir la ayuda, si puedes pagarla, mejor la compras, apoyas nuestro proyecto y as\u00ed tambi\u00e9n ayudamos otros m\u00e1s que si lo necesiten.<\/p>\n<p>Recuerda que, si tienes acceso a una impresora 3D, puedes descargar los modelos de forma gratuita desde la pesta\u00f1a de \u201cDescarga\u201d de cada dise\u00f1o, &nbsp;tambien desde &#8221; Comprar&#8221; puedes comprarlo ya impreso, o si lo que deseas es apoyar el proyecto para que ayudemos a otros, puedes \u201cHacer una donaci\u00f3n\u201d.<\/p>\n","protected":false},"excerpt":{"rendered":"<p>Para solicitar una donaci\u00f3n de productos de apoyo para personas con discapacidad del cat\u00e1logo de la p\u00e1gina Ayudas para TODOS 3D, debes enviar tu solicitud, presionando el bot\u00f3n para diligenciar el formulario:&nbsp;&nbsp;Solicitar una donaci\u00f3n Puede ver este video para una explicaci\u00f3n mas detallada Entendemos que es posible que no tengas acceso a una impresora 3D, [&hellip;]<\/p>\n","protected":false},"author":1,"featured_media":0,"parent":0,"menu_order":0,"comment_status":"closed","ping_status":"closed","template":"","meta":{"om_disable_all_campaigns":false,"_monsterinsights_skip_tracking":false,"_monsterinsights_sitenote_active":false,"_monsterinsights_sitenote_note":"","_monsterinsights_sitenote_category":0},"_links":{"self":[{"href":"https:\/\/ayudasparatodos3d.com\/index.php\/wp-json\/wp\/v2\/pages\/3168"}],"collection":[{"href":"https:\/\/ayudasparatodos3d.com\/index.php\/wp-json\/wp\/v2\/pages"}],"about":[{"href":"https:\/\/ayudasparatodos3d.com\/index.php\/wp-json\/wp\/v2\/types\/page"}],"author":[{"embeddable":true,"href":"https:\/\/ayudasparatodos3d.com\/index.php\/wp-json\/wp\/v2\/users\/1"}],"replies":[{"embeddable":true,"href":"https:\/\/ayudasparatodos3d.com\/index.php\/wp-json\/wp\/v2\/comments?post=3168"}],"version-history":[{"count":3,"href":"https:\/\/ayudasparatodos3d.com\/index.php\/wp-json\/wp\/v2\/pages\/3168\/revisions"}],"predecessor-version":[{"id":4940,"href":"https:\/\/ayudasparatodos3d.com\/index.php\/wp-json\/wp\/v2\/pages\/3168\/revisions\/4940"}],"wp:attachment":[{"href":"https:\/\/ayudasparatodos3d.com\/index.php\/wp-json\/wp\/v2\/media?parent=3168"}],"curies":[{"name":"wp","href":"https:\/\/api.w.org\/{rel}","templated":true}]}}