{"id":3763,"date":"2022-05-25T16:10:11","date_gmt":"2022-05-25T16:10:11","guid":{"rendered":"https:\/\/ayudasparatodos3d.com\/?post_type=product&#038;p=3763"},"modified":"2022-05-25T16:36:36","modified_gmt":"2022-05-25T16:36:36","slug":"ayuda-alimentacion-hemiplegia-compotas-y-recipientes-pequenos","status":"publish","type":"product","link":"https:\/\/ayudasparatodos3d.com\/index.php\/product\/ayuda-alimentacion-hemiplegia-compotas-y-recipientes-pequenos\/","title":{"rendered":"Ayuda alimentaci\u00f3n hemiplegia, compotas y recipientes peque\u00f1os"},"content":{"rendered":"<p>Ayuda alimentaci\u00f3n hemiplegia, compotas y recipientes peque\u00f1os<\/p>\n","protected":false},"excerpt":{"rendered":"<p>Ayuda alimentaci\u00f3n hemiplegia, compotas y recipientes peque\u00f1os<\/p>\n","protected":false},"featured_media":3791,"template":"","meta":{"om_disable_all_campaigns":false,"_monsterinsights_skip_tracking":false,"_monsterinsights_sitenote_active":false,"_monsterinsights_sitenote_note":"","_monsterinsights_sitenote_category":0},"product_cat":[102],"product_tag":[239,259,238,242,261,202,240,192,125,243,237,260,118,241,126,244],"_links":{"self":[{"href":"https:\/\/ayudasparatodos3d.com\/index.php\/wp-json\/wp\/v2\/product\/3763"}],"collection":[{"href":"https:\/\/ayudasparatodos3d.com\/index.php\/wp-json\/wp\/v2\/product"}],"about":[{"href":"https:\/\/ayudasparatodos3d.com\/index.php\/wp-json\/wp\/v2\/types\/product"}],"version-history":[{"count":1,"href":"https:\/\/ayudasparatodos3d.com\/index.php\/wp-json\/wp\/v2\/product\/3763\/revisions"}],"predecessor-version":[{"id":3794,"href":"https:\/\/ayudasparatodos3d.com\/index.php\/wp-json\/wp\/v2\/product\/3763\/revisions\/3794"}],"wp:featuredmedia":[{"embeddable":true,"href":"https:\/\/ayudasparatodos3d.com\/index.php\/wp-json\/wp\/v2\/media\/3791"}],"wp:attachment":[{"href":"https:\/\/ayudasparatodos3d.com\/index.php\/wp-json\/wp\/v2\/media?parent=3763"}],"wp:term":[{"taxonomy":"product_cat","embeddable":true,"href":"https:\/\/ayudasparatodos3d.com\/index.php\/wp-json\/wp\/v2\/product_cat?post=3763"},{"taxonomy":"product_tag","embeddable":true,"href":"https:\/\/ayudasparatodos3d.com\/index.php\/wp-json\/wp\/v2\/product_tag?post=3763"}],"curies":[{"name":"wp","href":"https:\/\/api.w.org\/{rel}","templated":true}]}}