{"id":4492,"date":"2022-05-26T15:19:38","date_gmt":"2022-05-26T15:19:38","guid":{"rendered":"https:\/\/ayudasparatodos3d.com\/?post_type=product&#038;p=4492"},"modified":"2022-05-26T15:34:14","modified_gmt":"2022-05-26T15:34:14","slug":"gancho-para-colocar-sobre-la-puerta","status":"publish","type":"product","link":"https:\/\/ayudasparatodos3d.com\/index.php\/product\/gancho-para-colocar-sobre-la-puerta\/","title":{"rendered":"Gancho para colocar sobre la puerta"},"content":{"rendered":"<p>Gancho para colocar sobre la puerta. Ayuda impresa en 3D, muy \u00fatil como apoyo a personas con discapacidad, adulto mayor, producto de apoyo, tecnolog\u00eda asistiva, ayuda t\u00e9cnica<\/p>\n","protected":false},"excerpt":{"rendered":"<p>Gancho para colocar sobre la puerta. Ayuda impresa en 3D, muy \u00fatil como apoyo a personas con discapacidad, adulto mayor, producto de apoyo, tecnolog\u00eda asistiva, ayuda t\u00e9cnica<\/p>\n","protected":false},"featured_media":4505,"template":"","meta":{"om_disable_all_campaigns":false,"_monsterinsights_skip_tracking":false,"_monsterinsights_sitenote_active":false,"_monsterinsights_sitenote_note":"","_monsterinsights_sitenote_category":0},"product_cat":[43],"product_tag":[499,493,492,498,494,495],"_links":{"self":[{"href":"https:\/\/ayudasparatodos3d.com\/index.php\/wp-json\/wp\/v2\/product\/4492"}],"collection":[{"href":"https:\/\/ayudasparatodos3d.com\/index.php\/wp-json\/wp\/v2\/product"}],"about":[{"href":"https:\/\/ayudasparatodos3d.com\/index.php\/wp-json\/wp\/v2\/types\/product"}],"version-history":[{"count":2,"href":"https:\/\/ayudasparatodos3d.com\/index.php\/wp-json\/wp\/v2\/product\/4492\/revisions"}],"predecessor-version":[{"id":4508,"href":"https:\/\/ayudasparatodos3d.com\/index.php\/wp-json\/wp\/v2\/product\/4492\/revisions\/4508"}],"wp:featuredmedia":[{"embeddable":true,"href":"https:\/\/ayudasparatodos3d.com\/index.php\/wp-json\/wp\/v2\/media\/4505"}],"wp:attachment":[{"href":"https:\/\/ayudasparatodos3d.com\/index.php\/wp-json\/wp\/v2\/media?parent=4492"}],"wp:term":[{"taxonomy":"product_cat","embeddable":true,"href":"https:\/\/ayudasparatodos3d.com\/index.php\/wp-json\/wp\/v2\/product_cat?post=4492"},{"taxonomy":"product_tag","embeddable":true,"href":"https:\/\/ayudasparatodos3d.com\/index.php\/wp-json\/wp\/v2\/product_tag?post=4492"}],"curies":[{"name":"wp","href":"https:\/\/api.w.org\/{rel}","templated":true}]}}