{"id":4496,"date":"2022-05-26T15:19:44","date_gmt":"2022-05-26T15:19:44","guid":{"rendered":"https:\/\/ayudasparatodos3d.com\/?post_type=product&#038;p=4496"},"modified":"2022-05-26T15:48:57","modified_gmt":"2022-05-26T15:48:57","slug":"ayuda-girar-perilla-de-la-lavadora-indicadora-de-funcion","status":"publish","type":"product","link":"https:\/\/ayudasparatodos3d.com\/index.php\/product\/ayuda-girar-perilla-de-la-lavadora-indicadora-de-funcion\/","title":{"rendered":"Ayuda girar perilla de la lavadora indicadora de funci\u00f3n"},"content":{"rendered":"<p>Ayuda girar perilla de la lavadora indicadora de funci\u00f3n. Ayuda impresa en 3D, muy \u00fatil como apoyo a personas con discapacidad, adulto mayor, producto de apoyo, tecnolog\u00eda asistiva, ayuda t\u00e9cnica<\/p>\n","protected":false},"excerpt":{"rendered":"<p>Ayuda girar perilla de la lavadora indicadora de funci\u00f3n. Ayuda impresa en 3D, muy \u00fatil como apoyo a personas con discapacidad, adulto mayor, producto de apoyo, tecnolog\u00eda asistiva, ayuda t\u00e9cnica<\/p>\n","protected":false},"featured_media":4522,"template":"","meta":{"om_disable_all_campaigns":false,"_monsterinsights_skip_tracking":false,"_monsterinsights_sitenote_active":false,"_monsterinsights_sitenote_note":"","_monsterinsights_sitenote_category":0},"product_cat":[43],"product_tag":[507,508,493,492,494,495],"_links":{"self":[{"href":"https:\/\/ayudasparatodos3d.com\/index.php\/wp-json\/wp\/v2\/product\/4496"}],"collection":[{"href":"https:\/\/ayudasparatodos3d.com\/index.php\/wp-json\/wp\/v2\/product"}],"about":[{"href":"https:\/\/ayudasparatodos3d.com\/index.php\/wp-json\/wp\/v2\/types\/product"}],"version-history":[{"count":1,"href":"https:\/\/ayudasparatodos3d.com\/index.php\/wp-json\/wp\/v2\/product\/4496\/revisions"}],"predecessor-version":[{"id":4525,"href":"https:\/\/ayudasparatodos3d.com\/index.php\/wp-json\/wp\/v2\/product\/4496\/revisions\/4525"}],"wp:featuredmedia":[{"embeddable":true,"href":"https:\/\/ayudasparatodos3d.com\/index.php\/wp-json\/wp\/v2\/media\/4522"}],"wp:attachment":[{"href":"https:\/\/ayudasparatodos3d.com\/index.php\/wp-json\/wp\/v2\/media?parent=4496"}],"wp:term":[{"taxonomy":"product_cat","embeddable":true,"href":"https:\/\/ayudasparatodos3d.com\/index.php\/wp-json\/wp\/v2\/product_cat?post=4496"},{"taxonomy":"product_tag","embeddable":true,"href":"https:\/\/ayudasparatodos3d.com\/index.php\/wp-json\/wp\/v2\/product_tag?post=4496"}],"curies":[{"name":"wp","href":"https:\/\/api.w.org\/{rel}","templated":true}]}}