{"id":4526,"date":"2022-05-26T15:49:01","date_gmt":"2022-05-26T15:49:01","guid":{"rendered":"https:\/\/ayudasparatodos3d.com\/?post_type=product&#038;p=4526"},"modified":"2022-05-26T15:52:27","modified_gmt":"2022-05-26T15:52:27","slug":"ayuda-para-girar-la-llave-de-la-puerta-v2","status":"publish","type":"product","link":"https:\/\/ayudasparatodos3d.com\/index.php\/product\/ayuda-para-girar-la-llave-de-la-puerta-v2\/","title":{"rendered":"Ayuda para girar la llave de la puerta V2"},"content":{"rendered":"<p>Ayuda para girar la llave de la puerta V2. Ayuda impresa en 3D, muy \u00fatil como apoyo a personas con discapacidad, adulto mayor, producto de apoyo, tecnolog\u00eda asistiva, ayuda t\u00e9cnica<\/p>\n","protected":false},"excerpt":{"rendered":"<p>Ayuda para girar la llave de la puerta V2. Ayuda impresa en 3D, muy \u00fatil como apoyo a personas con discapacidad, adulto mayor, producto de apoyo, tecnolog\u00eda asistiva, ayuda t\u00e9cnica<\/p>\n","protected":false},"featured_media":4528,"template":"","meta":{"om_disable_all_campaigns":false,"_monsterinsights_skip_tracking":false,"_monsterinsights_sitenote_active":false,"_monsterinsights_sitenote_note":"","_monsterinsights_sitenote_category":0},"product_cat":[43],"product_tag":[511,509,493,492,512,494,495,510],"_links":{"self":[{"href":"https:\/\/ayudasparatodos3d.com\/index.php\/wp-json\/wp\/v2\/product\/4526"}],"collection":[{"href":"https:\/\/ayudasparatodos3d.com\/index.php\/wp-json\/wp\/v2\/product"}],"about":[{"href":"https:\/\/ayudasparatodos3d.com\/index.php\/wp-json\/wp\/v2\/types\/product"}],"version-history":[{"count":1,"href":"https:\/\/ayudasparatodos3d.com\/index.php\/wp-json\/wp\/v2\/product\/4526\/revisions"}],"predecessor-version":[{"id":4531,"href":"https:\/\/ayudasparatodos3d.com\/index.php\/wp-json\/wp\/v2\/product\/4526\/revisions\/4531"}],"wp:featuredmedia":[{"embeddable":true,"href":"https:\/\/ayudasparatodos3d.com\/index.php\/wp-json\/wp\/v2\/media\/4528"}],"wp:attachment":[{"href":"https:\/\/ayudasparatodos3d.com\/index.php\/wp-json\/wp\/v2\/media?parent=4526"}],"wp:term":[{"taxonomy":"product_cat","embeddable":true,"href":"https:\/\/ayudasparatodos3d.com\/index.php\/wp-json\/wp\/v2\/product_cat?post=4526"},{"taxonomy":"product_tag","embeddable":true,"href":"https:\/\/ayudasparatodos3d.com\/index.php\/wp-json\/wp\/v2\/product_tag?post=4526"}],"curies":[{"name":"wp","href":"https:\/\/api.w.org\/{rel}","templated":true}]}}