{"id":4527,"date":"2022-05-26T15:49:02","date_gmt":"2022-05-26T15:49:02","guid":{"rendered":"https:\/\/ayudasparatodos3d.com\/?post_type=product&#038;p=4527"},"modified":"2022-05-26T15:56:02","modified_gmt":"2022-05-26T15:56:02","slug":"ayuda-para-girar-la-perilla-en-relojes-de-pulso-con-cuerda","status":"publish","type":"product","link":"https:\/\/ayudasparatodos3d.com\/index.php\/product\/ayuda-para-girar-la-perilla-en-relojes-de-pulso-con-cuerda\/","title":{"rendered":"Ayuda para girar la perilla en relojes de pulso con cuerda"},"content":{"rendered":"<p>Ayuda para girar la perilla en relojes de pulso con cuerda. Ayuda impresa en 3D, muy \u00fatil como apoyo a personas con discapacidad, adulto mayor, producto de apoyo, tecnolog\u00eda asistiva, ayuda t\u00e9cnica<\/p>\n","protected":false},"excerpt":{"rendered":"<p>Ayuda para girar la perilla en relojes de pulso con cuerda. Ayuda impresa en 3D, muy \u00fatil como apoyo a personas con discapacidad, adulto mayor, producto de apoyo, tecnolog\u00eda asistiva, ayuda t\u00e9cnica<\/p>\n","protected":false},"featured_media":4532,"template":"","meta":{"om_disable_all_campaigns":false,"_monsterinsights_skip_tracking":false,"_monsterinsights_sitenote_active":false,"_monsterinsights_sitenote_note":"","_monsterinsights_sitenote_category":0},"product_cat":[43],"product_tag":[513,514,493,492,494,495],"_links":{"self":[{"href":"https:\/\/ayudasparatodos3d.com\/index.php\/wp-json\/wp\/v2\/product\/4527"}],"collection":[{"href":"https:\/\/ayudasparatodos3d.com\/index.php\/wp-json\/wp\/v2\/product"}],"about":[{"href":"https:\/\/ayudasparatodos3d.com\/index.php\/wp-json\/wp\/v2\/types\/product"}],"version-history":[{"count":1,"href":"https:\/\/ayudasparatodos3d.com\/index.php\/wp-json\/wp\/v2\/product\/4527\/revisions"}],"predecessor-version":[{"id":4535,"href":"https:\/\/ayudasparatodos3d.com\/index.php\/wp-json\/wp\/v2\/product\/4527\/revisions\/4535"}],"wp:featuredmedia":[{"embeddable":true,"href":"https:\/\/ayudasparatodos3d.com\/index.php\/wp-json\/wp\/v2\/media\/4532"}],"wp:attachment":[{"href":"https:\/\/ayudasparatodos3d.com\/index.php\/wp-json\/wp\/v2\/media?parent=4527"}],"wp:term":[{"taxonomy":"product_cat","embeddable":true,"href":"https:\/\/ayudasparatodos3d.com\/index.php\/wp-json\/wp\/v2\/product_cat?post=4527"},{"taxonomy":"product_tag","embeddable":true,"href":"https:\/\/ayudasparatodos3d.com\/index.php\/wp-json\/wp\/v2\/product_tag?post=4527"}],"curies":[{"name":"wp","href":"https:\/\/api.w.org\/{rel}","templated":true}]}}