{"id":4536,"date":"2022-05-26T17:15:44","date_gmt":"2022-05-26T17:15:44","guid":{"rendered":"https:\/\/ayudasparatodos3d.com\/?post_type=product&#038;p=4536"},"modified":"2022-05-26T17:20:15","modified_gmt":"2022-05-26T17:20:15","slug":"ayuda-para-manipular-conectores-de-electrodomesticos","status":"publish","type":"product","link":"https:\/\/ayudasparatodos3d.com\/index.php\/product\/ayuda-para-manipular-conectores-de-electrodomesticos\/","title":{"rendered":"Ayuda para manipular conectores de electrodomesticos"},"content":{"rendered":"<p>Ayuda para manipular conectores de electrodomesticos. Ayuda impresa en 3D, muy \u00fatil como apoyo a personas con discapacidad, adulto mayor, producto de apoyo, tecnolog\u00eda asistiva, ayuda t\u00e9cnica<\/p>\n","protected":false},"excerpt":{"rendered":"<p>Ayuda para manipular conectores de electrodomesticos. Ayuda impresa en 3D, muy \u00fatil como apoyo a personas con discapacidad, adulto mayor, producto de apoyo, tecnolog\u00eda asistiva, ayuda t\u00e9cnica<\/p>\n","protected":false},"featured_media":4538,"template":"","meta":{"om_disable_all_campaigns":false,"_monsterinsights_skip_tracking":false,"_monsterinsights_sitenote_active":false,"_monsterinsights_sitenote_note":"","_monsterinsights_sitenote_category":0},"product_cat":[43],"product_tag":[515,516,493,492,494,495],"_links":{"self":[{"href":"https:\/\/ayudasparatodos3d.com\/index.php\/wp-json\/wp\/v2\/product\/4536"}],"collection":[{"href":"https:\/\/ayudasparatodos3d.com\/index.php\/wp-json\/wp\/v2\/product"}],"about":[{"href":"https:\/\/ayudasparatodos3d.com\/index.php\/wp-json\/wp\/v2\/types\/product"}],"version-history":[{"count":1,"href":"https:\/\/ayudasparatodos3d.com\/index.php\/wp-json\/wp\/v2\/product\/4536\/revisions"}],"predecessor-version":[{"id":4541,"href":"https:\/\/ayudasparatodos3d.com\/index.php\/wp-json\/wp\/v2\/product\/4536\/revisions\/4541"}],"wp:featuredmedia":[{"embeddable":true,"href":"https:\/\/ayudasparatodos3d.com\/index.php\/wp-json\/wp\/v2\/media\/4538"}],"wp:attachment":[{"href":"https:\/\/ayudasparatodos3d.com\/index.php\/wp-json\/wp\/v2\/media?parent=4536"}],"wp:term":[{"taxonomy":"product_cat","embeddable":true,"href":"https:\/\/ayudasparatodos3d.com\/index.php\/wp-json\/wp\/v2\/product_cat?post=4536"},{"taxonomy":"product_tag","embeddable":true,"href":"https:\/\/ayudasparatodos3d.com\/index.php\/wp-json\/wp\/v2\/product_tag?post=4536"}],"curies":[{"name":"wp","href":"https:\/\/api.w.org\/{rel}","templated":true}]}}